{"id":537,"date":"2018-01-29T11:46:15","date_gmt":"2018-01-29T10:46:15","guid":{"rendered":"http:\/\/flexiafilms.com\/?page_id=537"},"modified":"2018-01-29T11:46:15","modified_gmt":"2018-01-29T10:46:15","slug":"produits","status":"publish","type":"page","link":"https:\/\/flexiafilms.com\/fr\/produits\/","title":{"rendered":"Produits"},"content":{"rendered":"<p>[vc_row][vc_column][vc_empty_space height=\u00a0\u00bb90px\u00a0\u00bb][\/vc_column][\/vc_row][vc_row][vc_column][vc_column_text]<\/p>\n<div class=\"main-heading\">\n<h5>NOS PRODUITS<\/h5>\n<h3>Ils sont <span class=\"primary-color\"><span id=\"typed-strings\"><br \/>\n<span><\/span><span>de qualit\u00e9<\/span><span>durables<\/span><\/span><span id=\"typed\" style=\"white-space: pre;\"><\/span><\/span><\/h3>\n<\/div>\n<p>[\/vc_column_text]        <div class=\"text-content\">\n            Nos films sont formul\u00e9s \u00e0 base de plastifiants naturels de derni\u00e8re g\u00e9n\u00e9ration. Ces formules techniques complexes maximisent les propri\u00e9t\u00e9s du film toujours dans le plus strict respect des contr\u00f4les de s\u00e9curit\u00e9 alimentaire.<\/p>\n<p>&nbsp;<\/p>\n<p>D\u00e9veloppement de nouveaux mat\u00e9riaux plus durables avec une meilleure empreinte carbone, optimisation des mat\u00e9riaux d\u2019emballage\u00a0pour les aliments et optimisation des technologies d\u2019emballage existantes, am\u00e9lioration des temps d\u2019utilisation des produits emball\u00e9s qui r\u00e9duit les pertes d\u2019aliments dues \u00e0 la p\u00e9remption.<\/p>\n<p>R\u00e9duction de l\u2019impact environnemental des mat\u00e9riaux employ\u00e9s dans l\u2019emballage contribuant \u00e0 la consommation durable.<\/p>\n<p>Tous nos produits respectent les conditions de fabrication des produits destin\u00e9s \u00e0 \u00eatre en contact avec des aliments et sont conformes aux exigences \u00e9tablies par la l\u00e9gislation communautaire et nationale.                  \n        <\/div>\n        \n        [\/vc_column][vc_column][\/vc_column][\/vc_row][vc_row][vc_column][vc_empty_space height=\u00a0\u00bb90px\u00a0\u00bb][\/vc_column][\/vc_row][vc_section full_width=\u00a0\u00bbstretch_row_content\u00a0\u00bb css=\u00a0\u00bb.vc_custom_1502103303854{background-color: #fafafa !important;}\u00a0\u00bb][vc_row][vc_column][vc_empty_space height=\u00a0\u00bb55px\u00a0\u00bb]\n        \n        <div class=\"main-heading text-center\">\n        <h3>PRODUITS<\/h3>        <\/div>\n\n         [vc_empty_space height=\u00a0\u00bb70px\u00a0\u00bb][\/vc_column][\/vc_row][vc_row][vc_column width=\u00a0\u00bb1\/4&Prime;]        <div class=\"pricing-box\">\n            <h4><\/h4>\n            <strong><sup>JUMBO ROLLS<\/sup><\/strong>\n            <\/p>\n<ul>\n<li>Largeur : 290-450 mm<\/li>\n<li>Longueur : Jusqu\u2019\u00e0 7000 m\u00e8tres<\/li>\n<li>\u00c9paisseur : 7-12 microns<\/li>\n<li>Core (ID) : 76 mm<\/li>\n<\/ul>\n<p>\n        <\/div>\n        [\/vc_column][vc_column width=\u00a0\u00bb1\/4&Prime;]        <div class=\"pricing-box\">\n            <h4><\/h4>\n            <strong><sup>MANUEL<\/sup><\/strong>\n            <\/p>\n<ul>\n<li>Largeur : 290-900 mm<\/li>\n<li>Longueur :\u00a0Jusqu\u2019\u00e0 2000 m\u00e8tres<\/li>\n<li>\u00c9paisseur : 8-12 microns<\/li>\n<li>Core (ID) : 76 mm<\/li>\n<\/ul>\n<p>\n        <\/div>\n        [\/vc_column][vc_column width=\u00a0\u00bb1\/4&Prime;]        <div class=\"pricing-box\">\n            <h4><\/h4>\n            <strong><sup>AUTOMATIQUE<\/sup><\/strong>\n            <\/p>\n<ul>\n<li>Largeur : 290-600 mm<\/li>\n<li>Longueur : Jusqu\u2019\u00e0 2000 m\u00e8tres<\/li>\n<li>\u00c9paisseur : 9-18 microns<\/li>\n<li>Core (ID) : 76-113 mm<\/li>\n<\/ul>\n<p>\n        <\/div>\n        [\/vc_column][vc_column width=\u00a0\u00bb1\/4&Prime;]        <div class=\"pricing-box\">\n            <h4><\/h4>\n            <strong><sup>TRAITEURS<\/sup><\/strong>\n            <\/p>\n<ul>\n<li>Largeur : 290-450 mm<\/li>\n<li>Longueur : Jusqu\u2019\u00e0 200-600 m\u00e8tres<\/li>\n<li>\u00c9paisseur : 7-10 microns<\/li>\n<li>Core (ID) : 40 et 50 mm<\/li>\n<\/ul>\n<p>\n        <\/div>\n        [\/vc_column][\/vc_row][vc_row][vc_column][vc_empty_space height=\u00a0\u00bb90px\u00a0\u00bb][\/vc_column][\/vc_row][\/vc_section]<\/p>\n","protected":false},"excerpt":{"rendered":"<p>[vc_row][vc_column][vc_empty_space height=\u00a0\u00bb90px\u00a0\u00bb][\/vc_column][\/vc_row][vc_row][vc_column][vc_column_text] NOS PRODUITS Ils sont de qualit\u00e9durables [\/vc_column_text][\/vc_column][vc_column][\/vc_column][\/vc_row][vc_row][vc_column][vc_empty_space height=\u00a0\u00bb90px\u00a0\u00bb][\/vc_column][\/vc_row][vc_section full_width=\u00a0\u00bbstretch_row_content\u00a0\u00bb css=\u00a0\u00bb.vc_custom_1502103303854{background-color: #fafafa !important;}\u00a0\u00bb][vc_row][vc_column][vc_empty_space height=\u00a0\u00bb55px\u00a0\u00bb][vc_empty_space height=\u00a0\u00bb70px\u00a0\u00bb][\/vc_column][\/vc_row][vc_row][vc_column width=\u00a0\u00bb1\/4&Prime;][\/vc_column][vc_column width=\u00a0\u00bb1\/4&Prime;][\/vc_column][vc_column width=\u00a0\u00bb1\/4&Prime;][\/vc_column][vc_column width=\u00a0\u00bb1\/4&Prime;][\/vc_column][\/vc_row][vc_row][vc_column][vc_empty_space height=\u00a0\u00bb90px\u00a0\u00bb][\/vc_column][\/vc_row][\/vc_section]<\/p>\n","protected":false},"author":1,"featured_media":0,"parent":0,"menu_order":0,"comment_status":"closed","ping_status":"closed","template":"","meta":[],"yoast_head":"<!-- This site is optimized with the Yoast SEO plugin v18.6 - https:\/\/yoast.com\/wordpress\/plugins\/seo\/ -->\n<title>Produits - Flexia Films<\/title>\n<meta name=\"robots\" content=\"index, follow, max-snippet:-1, max-image-preview:large, max-video-preview:-1\" \/>\n<link rel=\"canonical\" href=\"https:\/\/flexiafilms.com\/fr\/produits\/\" \/>\n<meta property=\"og:locale\" content=\"fr_FR\" \/>\n<meta property=\"og:type\" content=\"article\" \/>\n<meta property=\"og:title\" content=\"Produits - Flexia Films\" \/>\n<meta property=\"og:description\" content=\"[vc_row][vc_column][vc_empty_space height=\u00a0\u00bb90px\u00a0\u00bb][\/vc_column][\/vc_row][vc_row][vc_column][vc_column_text] NOS PRODUITS Ils sont de qualit\u00e9durables [\/vc_column_text][\/vc_column][vc_column][\/vc_column][\/vc_row][vc_row][vc_column][vc_empty_space height=\u00a0\u00bb90px\u00a0\u00bb][\/vc_column][\/vc_row][vc_section full_width=\u00a0\u00bbstretch_row_content\u00a0\u00bb css=\u00a0\u00bb.vc_custom_1502103303854{background-color: #fafafa !important;}\u00a0\u00bb][vc_row][vc_column][vc_empty_space height=\u00a0\u00bb55px\u00a0\u00bb][vc_empty_space height=\u00a0\u00bb70px\u00a0\u00bb][\/vc_column][\/vc_row][vc_row][vc_column width=\u00a0\u00bb1\/4&Prime;][\/vc_column][vc_column width=\u00a0\u00bb1\/4&Prime;][\/vc_column][vc_column width=\u00a0\u00bb1\/4&Prime;][\/vc_column][vc_column width=\u00a0\u00bb1\/4&Prime;][\/vc_column][\/vc_row][vc_row][vc_column][vc_empty_space height=\u00a0\u00bb90px\u00a0\u00bb][\/vc_column][\/vc_row][\/vc_section]\" \/>\n<meta property=\"og:url\" content=\"https:\/\/flexiafilms.com\/fr\/produits\/\" \/>\n<meta property=\"og:site_name\" content=\"Flexia Films\" \/>\n<meta name=\"twitter:card\" content=\"summary\" \/>\n<meta name=\"twitter:label1\" content=\"Dur\u00e9e de lecture estim\u00e9e\" \/>\n\t<meta name=\"twitter:data1\" content=\"2 minutes\" \/>\n<script type=\"application\/ld+json\" class=\"yoast-schema-graph\">{\"@context\":\"https:\/\/schema.org\",\"@graph\":[{\"@type\":\"WebSite\",\"@id\":\"https:\/\/flexiafilms.com\/#website\",\"url\":\"https:\/\/flexiafilms.com\/\",\"name\":\"Flexia Films\",\"description\":\"Flexia Films empresa especializada en films, contribuyendo a la Agroindustria y alimentaci\u00f3n saludable.Tanto a nivel nacional como europeo.\",\"potentialAction\":[{\"@type\":\"SearchAction\",\"target\":{\"@type\":\"EntryPoint\",\"urlTemplate\":\"https:\/\/flexiafilms.com\/?s={search_term_string}\"},\"query-input\":\"required name=search_term_string\"}],\"inLanguage\":\"fr-FR\"},{\"@type\":\"WebPage\",\"@id\":\"https:\/\/flexiafilms.com\/fr\/produits\/#webpage\",\"url\":\"https:\/\/flexiafilms.com\/fr\/produits\/\",\"name\":\"Produits - Flexia Films\",\"isPartOf\":{\"@id\":\"https:\/\/flexiafilms.com\/#website\"},\"datePublished\":\"2018-01-29T10:46:15+00:00\",\"dateModified\":\"2018-01-29T10:46:15+00:00\",\"breadcrumb\":{\"@id\":\"https:\/\/flexiafilms.com\/fr\/produits\/#breadcrumb\"},\"inLanguage\":\"fr-FR\",\"potentialAction\":[{\"@type\":\"ReadAction\",\"target\":[\"https:\/\/flexiafilms.com\/fr\/produits\/\"]}]},{\"@type\":\"BreadcrumbList\",\"@id\":\"https:\/\/flexiafilms.com\/fr\/produits\/#breadcrumb\",\"itemListElement\":[{\"@type\":\"ListItem\",\"position\":1,\"name\":\"Portada\",\"item\":\"https:\/\/flexiafilms.com\/fr\/\"},{\"@type\":\"ListItem\",\"position\":2,\"name\":\"Produits\"}]}]}<\/script>\n<!-- \/ Yoast SEO plugin. -->","yoast_head_json":{"title":"Produits - Flexia Films","robots":{"index":"index","follow":"follow","max-snippet":"max-snippet:-1","max-image-preview":"max-image-preview:large","max-video-preview":"max-video-preview:-1"},"canonical":"https:\/\/flexiafilms.com\/fr\/produits\/","og_locale":"fr_FR","og_type":"article","og_title":"Produits - Flexia Films","og_description":"[vc_row][vc_column][vc_empty_space height=\u00a0\u00bb90px\u00a0\u00bb][\/vc_column][\/vc_row][vc_row][vc_column][vc_column_text] NOS PRODUITS Ils sont de qualit\u00e9durables [\/vc_column_text][\/vc_column][vc_column][\/vc_column][\/vc_row][vc_row][vc_column][vc_empty_space height=\u00a0\u00bb90px\u00a0\u00bb][\/vc_column][\/vc_row][vc_section full_width=\u00a0\u00bbstretch_row_content\u00a0\u00bb css=\u00a0\u00bb.vc_custom_1502103303854{background-color: #fafafa !important;}\u00a0\u00bb][vc_row][vc_column][vc_empty_space height=\u00a0\u00bb55px\u00a0\u00bb][vc_empty_space height=\u00a0\u00bb70px\u00a0\u00bb][\/vc_column][\/vc_row][vc_row][vc_column width=\u00a0\u00bb1\/4&Prime;][\/vc_column][vc_column width=\u00a0\u00bb1\/4&Prime;][\/vc_column][vc_column width=\u00a0\u00bb1\/4&Prime;][\/vc_column][vc_column width=\u00a0\u00bb1\/4&Prime;][\/vc_column][\/vc_row][vc_row][vc_column][vc_empty_space height=\u00a0\u00bb90px\u00a0\u00bb][\/vc_column][\/vc_row][\/vc_section]","og_url":"https:\/\/flexiafilms.com\/fr\/produits\/","og_site_name":"Flexia Films","twitter_card":"summary","twitter_misc":{"Dur\u00e9e de lecture estim\u00e9e":"2 minutes"},"schema":{"@context":"https:\/\/schema.org","@graph":[{"@type":"WebSite","@id":"https:\/\/flexiafilms.com\/#website","url":"https:\/\/flexiafilms.com\/","name":"Flexia Films","description":"Flexia Films empresa especializada en films, contribuyendo a la Agroindustria y alimentaci\u00f3n saludable.Tanto a nivel nacional como europeo.","potentialAction":[{"@type":"SearchAction","target":{"@type":"EntryPoint","urlTemplate":"https:\/\/flexiafilms.com\/?s={search_term_string}"},"query-input":"required name=search_term_string"}],"inLanguage":"fr-FR"},{"@type":"WebPage","@id":"https:\/\/flexiafilms.com\/fr\/produits\/#webpage","url":"https:\/\/flexiafilms.com\/fr\/produits\/","name":"Produits - Flexia Films","isPartOf":{"@id":"https:\/\/flexiafilms.com\/#website"},"datePublished":"2018-01-29T10:46:15+00:00","dateModified":"2018-01-29T10:46:15+00:00","breadcrumb":{"@id":"https:\/\/flexiafilms.com\/fr\/produits\/#breadcrumb"},"inLanguage":"fr-FR","potentialAction":[{"@type":"ReadAction","target":["https:\/\/flexiafilms.com\/fr\/produits\/"]}]},{"@type":"BreadcrumbList","@id":"https:\/\/flexiafilms.com\/fr\/produits\/#breadcrumb","itemListElement":[{"@type":"ListItem","position":1,"name":"Portada","item":"https:\/\/flexiafilms.com\/fr\/"},{"@type":"ListItem","position":2,"name":"Produits"}]}]}},"_links":{"self":[{"href":"https:\/\/flexiafilms.com\/fr\/wp-json\/wp\/v2\/pages\/537"}],"collection":[{"href":"https:\/\/flexiafilms.com\/fr\/wp-json\/wp\/v2\/pages"}],"about":[{"href":"https:\/\/flexiafilms.com\/fr\/wp-json\/wp\/v2\/types\/page"}],"author":[{"embeddable":true,"href":"https:\/\/flexiafilms.com\/fr\/wp-json\/wp\/v2\/users\/1"}],"replies":[{"embeddable":true,"href":"https:\/\/flexiafilms.com\/fr\/wp-json\/wp\/v2\/comments?post=537"}],"version-history":[{"count":3,"href":"https:\/\/flexiafilms.com\/fr\/wp-json\/wp\/v2\/pages\/537\/revisions"}],"predecessor-version":[{"id":540,"href":"https:\/\/flexiafilms.com\/fr\/wp-json\/wp\/v2\/pages\/537\/revisions\/540"}],"wp:attachment":[{"href":"https:\/\/flexiafilms.com\/fr\/wp-json\/wp\/v2\/media?parent=537"}],"curies":[{"name":"wp","href":"https:\/\/api.w.org\/{rel}","templated":true}]}}