{"id":370,"date":"2017-08-06T07:24:34","date_gmt":"2017-08-06T06:24:34","guid":{"rendered":"http:\/\/localhost\/wordpress\/?page_id=370"},"modified":"2018-05-16T12:35:34","modified_gmt":"2018-05-16T11:35:34","slug":"quienes-somos","status":"publish","type":"page","link":"https:\/\/flexiafilms.com\/en\/quienes-somos\/","title":{"rendered":"ABOUT US"},"content":{"rendered":"<p>[vc_row][vc_column]\n        \n        <div class=\"main-heading text-left\">\n        <p>Flexia Films<\/p>        <\/div>\n\n         [vc_empty_space height=&#8221;20px&#8221;][vc_video link=&#8221;https:\/\/youtu.be\/ktqSueulAUg&#8221; el_width=&#8221;60&#8243; align=&#8221;center&#8221;][vc_empty_space][\/vc_column][vc_column][\/vc_column][\/vc_row][vc_row][vc_column][vc_column_text]<\/p>\n<div class=\"main-heading\">\n<h5>nuestra compa\u00f1\u00eda<\/h5>\n<h3>Somos <span class=\"primary-color\"><span id=\"typed-strings\"><span>responsables<\/span><span>exigentes<\/span><\/span> <span id=\"typed\" style=\"white-space: pre;\"><\/span><\/span><\/h3>\n<\/div>\n<p>[\/vc_column_text]        <div class=\"text-content\">\n            En FLEXIA FILMS contamos con una superficie de<span>\u00a0<\/span><strong>2500 metros cuadrados<\/strong><span>\u00a0<\/span>y<span>\u00a0<\/span><strong>4 l\u00edneas de extrusi\u00f3n<\/strong>, lo que se traduce en una capacidad\u00a0de producci\u00f3n de m\u00e1s de 4000 toneladas de producto al a\u00f1o.<\/p>\n<p>M\u00e1s de 15 a\u00f1os de experiencia y una plantilla integrada en un grupo de empresas con\u00a0de m\u00e1s de 30 empleados, hacen de\u00a0Flexia un referente en la transformaci\u00f3n del pl\u00e1stico en el sector de la alimentaci\u00f3n.<\/p>\n<p>Contamos con un<span>\u00a0<\/span><strong>Departamento de Ingenier\u00eda<\/strong><span>\u00a0<\/span>e<span>\u00a0<\/span><strong>I+D<\/strong><span>\u00a0<\/span>propio, con el objetivo de garantizar los\u00a0m\u00e1s altos est\u00e1ndares de calidad, seguridad alimentaria y responsabilidad medioambiental.                  \n        <\/div>\n        \n        [\/vc_column][\/vc_row][vc_row][vc_column][vc_empty_space height=&#8221;150px&#8221;][\/vc_column][\/vc_row]<\/p>\n","protected":false},"excerpt":{"rendered":"<p>[vc_row][vc_column][vc_empty_space height=&#8221;20px&#8221;][vc_video link=&#8221;https:\/\/youtu.be\/ktqSueulAUg&#8221; el_width=&#8221;60&#8243; align=&#8221;center&#8221;][vc_empty_space][\/vc_column][vc_column][\/vc_column][\/vc_row][vc_row][vc_column][vc_column_text] nuestra compa\u00f1\u00eda Somos responsablesexigentes [\/vc_column_text][\/vc_column][\/vc_row][vc_row][vc_column][vc_empty_space height=&#8221;150px&#8221;][\/vc_column][\/vc_row]<\/p>\n","protected":false},"author":1,"featured_media":0,"parent":0,"menu_order":0,"comment_status":"closed","ping_status":"closed","template":"","meta":[],"yoast_head":"<!-- This site is optimized with the Yoast SEO plugin v18.6 - https:\/\/yoast.com\/wordpress\/plugins\/seo\/ -->\n<title>ABOUT US - Flexia Films<\/title>\n<meta name=\"robots\" content=\"index, follow, max-snippet:-1, max-image-preview:large, max-video-preview:-1\" \/>\n<link rel=\"canonical\" href=\"https:\/\/flexiafilms.com\/en\/quienes-somos\/\" \/>\n<meta property=\"og:locale\" content=\"en_US\" \/>\n<meta property=\"og:type\" content=\"article\" \/>\n<meta property=\"og:title\" content=\"ABOUT US - Flexia Films\" \/>\n<meta property=\"og:description\" content=\"[vc_row][vc_column][vc_empty_space height=&#8221;20px&#8221;][vc_video link=&#8221;https:\/\/youtu.be\/ktqSueulAUg&#8221; el_width=&#8221;60&#8243; align=&#8221;center&#8221;][vc_empty_space][\/vc_column][vc_column][\/vc_column][\/vc_row][vc_row][vc_column][vc_column_text] nuestra compa\u00f1\u00eda Somos responsablesexigentes [\/vc_column_text][\/vc_column][\/vc_row][vc_row][vc_column][vc_empty_space height=&#8221;150px&#8221;][\/vc_column][\/vc_row]\" \/>\n<meta property=\"og:url\" content=\"https:\/\/flexiafilms.com\/en\/quienes-somos\/\" \/>\n<meta property=\"og:site_name\" content=\"Flexia Films\" \/>\n<meta property=\"article:modified_time\" content=\"2018-05-16T11:35:34+00:00\" \/>\n<meta name=\"twitter:card\" content=\"summary\" \/>\n<meta name=\"twitter:label1\" content=\"Est. reading time\" \/>\n\t<meta name=\"twitter:data1\" content=\"1 minute\" \/>\n<script type=\"application\/ld+json\" class=\"yoast-schema-graph\">{\"@context\":\"https:\/\/schema.org\",\"@graph\":[{\"@type\":\"WebSite\",\"@id\":\"https:\/\/flexiafilms.com\/#website\",\"url\":\"https:\/\/flexiafilms.com\/\",\"name\":\"Flexia Films\",\"description\":\"Empresa lider en el sector de los films\",\"potentialAction\":[{\"@type\":\"SearchAction\",\"target\":{\"@type\":\"EntryPoint\",\"urlTemplate\":\"https:\/\/flexiafilms.com\/?s={search_term_string}\"},\"query-input\":\"required name=search_term_string\"}],\"inLanguage\":\"en-US\"},{\"@type\":\"WebPage\",\"@id\":\"https:\/\/flexiafilms.com\/en\/quienes-somos\/#webpage\",\"url\":\"https:\/\/flexiafilms.com\/en\/quienes-somos\/\",\"name\":\"ABOUT US - Flexia Films\",\"isPartOf\":{\"@id\":\"https:\/\/flexiafilms.com\/#website\"},\"datePublished\":\"2017-08-06T06:24:34+00:00\",\"dateModified\":\"2018-05-16T11:35:34+00:00\",\"breadcrumb\":{\"@id\":\"https:\/\/flexiafilms.com\/en\/quienes-somos\/#breadcrumb\"},\"inLanguage\":\"en-US\",\"potentialAction\":[{\"@type\":\"ReadAction\",\"target\":[\"https:\/\/flexiafilms.com\/en\/quienes-somos\/\"]}]},{\"@type\":\"BreadcrumbList\",\"@id\":\"https:\/\/flexiafilms.com\/en\/quienes-somos\/#breadcrumb\",\"itemListElement\":[{\"@type\":\"ListItem\",\"position\":1,\"name\":\"Portada\",\"item\":\"https:\/\/flexiafilms.com\/en\/\"},{\"@type\":\"ListItem\",\"position\":2,\"name\":\"ABOUT US\"}]}]}<\/script>\n<!-- \/ Yoast SEO plugin. -->","yoast_head_json":{"title":"ABOUT US - Flexia Films","robots":{"index":"index","follow":"follow","max-snippet":"max-snippet:-1","max-image-preview":"max-image-preview:large","max-video-preview":"max-video-preview:-1"},"canonical":"https:\/\/flexiafilms.com\/en\/quienes-somos\/","og_locale":"en_US","og_type":"article","og_title":"ABOUT US - Flexia Films","og_description":"[vc_row][vc_column][vc_empty_space height=&#8221;20px&#8221;][vc_video link=&#8221;https:\/\/youtu.be\/ktqSueulAUg&#8221; el_width=&#8221;60&#8243; align=&#8221;center&#8221;][vc_empty_space][\/vc_column][vc_column][\/vc_column][\/vc_row][vc_row][vc_column][vc_column_text] nuestra compa\u00f1\u00eda Somos responsablesexigentes [\/vc_column_text][\/vc_column][\/vc_row][vc_row][vc_column][vc_empty_space height=&#8221;150px&#8221;][\/vc_column][\/vc_row]","og_url":"https:\/\/flexiafilms.com\/en\/quienes-somos\/","og_site_name":"Flexia Films","article_modified_time":"2018-05-16T11:35:34+00:00","twitter_card":"summary","twitter_misc":{"Est. reading time":"1 minute"},"schema":{"@context":"https:\/\/schema.org","@graph":[{"@type":"WebSite","@id":"https:\/\/flexiafilms.com\/#website","url":"https:\/\/flexiafilms.com\/","name":"Flexia Films","description":"Empresa lider en el sector de los films","potentialAction":[{"@type":"SearchAction","target":{"@type":"EntryPoint","urlTemplate":"https:\/\/flexiafilms.com\/?s={search_term_string}"},"query-input":"required name=search_term_string"}],"inLanguage":"en-US"},{"@type":"WebPage","@id":"https:\/\/flexiafilms.com\/en\/quienes-somos\/#webpage","url":"https:\/\/flexiafilms.com\/en\/quienes-somos\/","name":"ABOUT US - Flexia Films","isPartOf":{"@id":"https:\/\/flexiafilms.com\/#website"},"datePublished":"2017-08-06T06:24:34+00:00","dateModified":"2018-05-16T11:35:34+00:00","breadcrumb":{"@id":"https:\/\/flexiafilms.com\/en\/quienes-somos\/#breadcrumb"},"inLanguage":"en-US","potentialAction":[{"@type":"ReadAction","target":["https:\/\/flexiafilms.com\/en\/quienes-somos\/"]}]},{"@type":"BreadcrumbList","@id":"https:\/\/flexiafilms.com\/en\/quienes-somos\/#breadcrumb","itemListElement":[{"@type":"ListItem","position":1,"name":"Portada","item":"https:\/\/flexiafilms.com\/en\/"},{"@type":"ListItem","position":2,"name":"ABOUT US"}]}]}},"_links":{"self":[{"href":"https:\/\/flexiafilms.com\/en\/wp-json\/wp\/v2\/pages\/370"}],"collection":[{"href":"https:\/\/flexiafilms.com\/en\/wp-json\/wp\/v2\/pages"}],"about":[{"href":"https:\/\/flexiafilms.com\/en\/wp-json\/wp\/v2\/types\/page"}],"author":[{"embeddable":true,"href":"https:\/\/flexiafilms.com\/en\/wp-json\/wp\/v2\/users\/1"}],"replies":[{"embeddable":true,"href":"https:\/\/flexiafilms.com\/en\/wp-json\/wp\/v2\/comments?post=370"}],"version-history":[{"count":19,"href":"https:\/\/flexiafilms.com\/en\/wp-json\/wp\/v2\/pages\/370\/revisions"}],"predecessor-version":[{"id":659,"href":"https:\/\/flexiafilms.com\/en\/wp-json\/wp\/v2\/pages\/370\/revisions\/659"}],"wp:attachment":[{"href":"https:\/\/flexiafilms.com\/en\/wp-json\/wp\/v2\/media?parent=370"}],"curies":[{"name":"wp","href":"https:\/\/api.w.org\/{rel}","templated":true}]}}